{"id":11526,"date":"2025-07-01T21:33:02","date_gmt":"2025-07-01T21:33:02","guid":{"rendered":"https:\/\/quebecteinte.com\/v2\/?page_id=11526"},"modified":"2025-07-01T19:30:53","modified_gmt":"2025-07-01T23:30:53","slug":"demande-dinformation","status":"publish","type":"page","link":"https:\/\/quebecteinte.com\/v2\/?page_id=11526","title":{"rendered":"Demande d&rsquo;information"},"content":{"rendered":"<p>[vc_row section_type=\u00a0\u00bbfullwidth\u00a0\u00bb][vc_column width=\u00a0\u00bb1\/4&Prime;][\/vc_column][vc_column width=\u00a0\u00bb1\/2&Prime; css=\u00a0\u00bb.vc_custom_1751412650377{background-color: #ffffff !important;border-radius: 1px !important;}\u00a0\u00bb]<h3 class=\"grve-element grve-title grve-align-center grve-h3\" style=\"\"><span>Parlez-nous de votre projet<\/span><\/h3>[vc_column_text]<\/p>\n<p style=\"text-align: center;\">Que ce soit un projet li\u00e9 \u00e0 l&rsquo;automobile ou \u00e0 tout type de v\u00e9hicule,<br \/>\nde projets r\u00e9sidentiels ou commerciaux,<br \/>\ncontactez-nous via ce formulaire de contact<br \/>\nou t\u00e9l\u00e9phonez-nous au <strong>418 932-4542<\/strong>.<\/p>\n<p style=\"text-align: center;\">Notre zone de service couvre la<br \/>\ngrande r\u00e9gion de Qu\u00e9bec et les environs.<\/p>\n<p style=\"text-align: center;\">Merci de votre int\u00e9r\u00eat envers Qu\u00e9bec Teinte !<\/p>\n<p>[\/vc_column_text]\n<div class=\"wpcf7 no-js\" id=\"wpcf7-f10908-o1\" lang=\"en-US\" dir=\"ltr\" data-wpcf7-id=\"10908\">\n<div class=\"screen-reader-response\"><p role=\"status\" aria-live=\"polite\" aria-atomic=\"true\"><\/p> <ul><\/ul><\/div>\n<form action=\"\/v2\/index.php?rest_route=%2Fwp%2Fv2%2Fpages%2F11526#wpcf7-f10908-o1\" method=\"post\" class=\"wpcf7-form init\" aria-label=\"Contact form\" novalidate=\"novalidate\" data-status=\"init\">\n<fieldset class=\"hidden-fields-container\"><input type=\"hidden\" name=\"_wpcf7\" value=\"10908\" \/><input type=\"hidden\" name=\"_wpcf7_version\" value=\"6.1.5\" \/><input type=\"hidden\" name=\"_wpcf7_locale\" value=\"en_US\" \/><input type=\"hidden\" name=\"_wpcf7_unit_tag\" value=\"wpcf7-f10908-o1\" \/><input type=\"hidden\" name=\"_wpcf7_container_post\" value=\"0\" \/><input type=\"hidden\" name=\"_wpcf7_posted_data_hash\" value=\"\" \/><input type=\"hidden\" name=\"_wpcf7_recaptcha_response\" value=\"\" \/>\n<\/fieldset>\n<div class=\"grve-form-style-1\">\n\t<div class=\"grve-one-third grve-with-icon\">\n\t\t<p><i class=\"fa fa-user\"><\/i><span class=\"wpcf7-form-control-wrap\" data-name=\"your-name\"><input size=\"40\" maxlength=\"400\" class=\"wpcf7-form-control wpcf7-text\" aria-invalid=\"false\" placeholder=\"Votre nom\" value=\"\" type=\"text\" name=\"your-name\" \/><\/span>\n\t\t<\/p>\n\t<\/div>\n\t<div class=\"grve-one-third grve-with-icon\">\n\t\t<p><i class=\"fa fa-envelope\"><\/i><span class=\"wpcf7-form-control-wrap\" data-name=\"your-email\"><input size=\"40\" maxlength=\"400\" class=\"wpcf7-form-control wpcf7-email wpcf7-validates-as-required wpcf7-text wpcf7-validates-as-email\" aria-required=\"true\" aria-invalid=\"false\" placeholder=\"Votre courriel (requis)\" value=\"\" type=\"email\" name=\"your-email\" \/><\/span>\n\t\t<\/p>\n\t<\/div>\n\t<div class=\"grve-one-third grve-with-icon\">\n\t\t<p><i class=\"fa fa-phone\"><\/i><span class=\"wpcf7-form-control-wrap\" data-name=\"tel-487\"><input size=\"40\" maxlength=\"400\" class=\"wpcf7-form-control wpcf7-tel wpcf7-validates-as-required wpcf7-text wpcf7-validates-as-tel\" aria-required=\"true\" aria-invalid=\"false\" placeholder=\"Votre t\u00e9l\u00e9phone\" value=\"\" type=\"tel\" name=\"tel-487\" \/><\/span>\n\t\t<\/p>\n\t<\/div>\n\t<div class=\"grve-one-third grve-with-icon grve-last-column\">\n\t\t<p><i class=\"fa fa-pencil\"><\/i><span class=\"wpcf7-form-control-wrap\" data-name=\"your-subject\"><input size=\"40\" maxlength=\"400\" class=\"wpcf7-form-control wpcf7-text\" aria-invalid=\"false\" placeholder=\"Type d&#039;information\" value=\"\" type=\"text\" name=\"your-subject\" \/><\/span>\n\t\t<\/p>\n\t<\/div>\n\t<div>\n\t\t<p><span class=\"wpcf7-form-control-wrap\" data-name=\"your-message\"><textarea cols=\"40\" rows=\"10\" maxlength=\"2000\" class=\"wpcf7-form-control wpcf7-textarea\" aria-invalid=\"false\" name=\"your-message\"><\/textarea><\/span>\n\t\t<\/p>\n\t<\/div>\n\t<div class=\"grve-align-center\">\n\t\t<p><input class=\"wpcf7-form-control wpcf7-submit has-spinner\" type=\"submit\" value=\"Envoyer votre message\" \/>\n\t\t<\/p>\n\t<\/div>\n<\/div><p style=\"display: none !important;\" class=\"akismet-fields-container\" data-prefix=\"_wpcf7_ak_\"><label>&#916;<textarea name=\"_wpcf7_ak_hp_textarea\" cols=\"45\" rows=\"8\" maxlength=\"100\"><\/textarea><\/label><input type=\"hidden\" id=\"ak_js_1\" name=\"_wpcf7_ak_js\" value=\"86\"\/><script>document.getElementById( \"ak_js_1\" ).setAttribute( \"value\", ( new Date() ).getTime() );<\/script><\/p><div class=\"wpcf7-response-output\" aria-hidden=\"true\"><\/div>\n<\/form>\n<\/div>\n[\/vc_column][vc_column width=\u00a0\u00bb1\/4&Prime;][\/vc_column][\/vc_row]<\/p>\n","protected":false},"excerpt":{"rendered":"<p>[vc_row section_type=\u00a0\u00bbfullwidth\u00a0\u00bb][vc_column width=\u00a0\u00bb1\/4&Prime;][\/vc_column][vc_column width=\u00a0\u00bb1\/2&Prime; css=\u00a0\u00bb.vc_custom_1751412650377{background-color: #ffffff !important;border-radius: 1px !important;}\u00a0\u00bb][vc_column_text] Que ce soit un projet li\u00e9 \u00e0 l&rsquo;automobile ou \u00e0 tout type de v\u00e9hicule, de projets r\u00e9sidentiels ou commerciaux, contactez-nous via ce formulaire de contact ou t\u00e9l\u00e9phonez-nous au 418 932-4542. Notre zone de service couvre la grande r\u00e9gion de Qu\u00e9bec et les environs. Merci de votre [&hellip;]<\/p>\n","protected":false},"author":1,"featured_media":0,"parent":0,"menu_order":0,"comment_status":"closed","ping_status":"closed","template":"","meta":{"footnotes":""},"class_list":["post-11526","page","type-page","status-publish","hentry"],"_links":{"self":[{"href":"https:\/\/quebecteinte.com\/v2\/index.php?rest_route=\/wp\/v2\/pages\/11526","targetHints":{"allow":["GET"]}}],"collection":[{"href":"https:\/\/quebecteinte.com\/v2\/index.php?rest_route=\/wp\/v2\/pages"}],"about":[{"href":"https:\/\/quebecteinte.com\/v2\/index.php?rest_route=\/wp\/v2\/types\/page"}],"author":[{"embeddable":true,"href":"https:\/\/quebecteinte.com\/v2\/index.php?rest_route=\/wp\/v2\/users\/1"}],"replies":[{"embeddable":true,"href":"https:\/\/quebecteinte.com\/v2\/index.php?rest_route=%2Fwp%2Fv2%2Fcomments&post=11526"}],"version-history":[{"count":12,"href":"https:\/\/quebecteinte.com\/v2\/index.php?rest_route=\/wp\/v2\/pages\/11526\/revisions"}],"predecessor-version":[{"id":11529,"href":"https:\/\/quebecteinte.com\/v2\/index.php?rest_route=\/wp\/v2\/pages\/11526\/revisions\/11529"}],"wp:attachment":[{"href":"https:\/\/quebecteinte.com\/v2\/index.php?rest_route=%2Fwp%2Fv2%2Fmedia&parent=11526"}],"curies":[{"name":"wp","href":"https:\/\/api.w.org\/{rel}","templated":true}]}}